{"id":247,"date":"2024-07-29T15:06:22","date_gmt":"2024-07-29T13:06:22","guid":{"rendered":"https:\/\/capricemusic.se\/?page_id=247"},"modified":"2024-11-22T11:01:26","modified_gmt":"2024-11-22T10:01:26","slug":"about-caprice-music","status":"publish","type":"page","link":"https:\/\/capricemusic.se\/en\/about-caprice-music\/","title":{"rendered":"About Caprice Music"},"content":{"rendered":"\n\n<div class=\"w-constrained richtext\"><external-link-icon>\n<h2 class=\"wp-block-heading\">500 Album Titles Across 50 Years<\/h2>\n<\/external-link-icon><\/div>\n\n<div class=\"w-constrained richtext\"><external-link-icon>\n<p>Caprice Music is a record label specializing in classical and contemporary art music, electroacoustic music, jazz, folk and world music, as well as music for children and young adults.<\/p>\n<\/external-link-icon><\/div>\n\n<div class=\"w-constrained richtext\"><external-link-icon>\n<p>Founded as a record label in 1971, our extensive catalog spans over 500 album titles. The catalog also includes historical recordings, compilations, and composer portraits.<\/p>\n<\/external-link-icon><\/div>\n\n<div class=\"w-constrained richtext\"><external-link-icon>\n<h2 class=\"wp-block-heading\">Available Wherever You Listen to Music<\/h2>\n<\/external-link-icon><\/div>\n\n<div class=\"w-constrained richtext\"><external-link-icon>\n<p>Today, we focus on re-releases to make music accessible on the platforms and in the formats that are popular among our listeners. Our releases include exclusive LP editions, digital albums, and podcasts that offer fresh perspectives on the music and its historical context.<\/p>\n<\/external-link-icon><\/div>\n\n<div class=\"w-constrained richtext\"><external-link-icon>\n<p>We also produce new works linked to cultural heritage and previously unreleased materials from cultural heritage collections. Caprice Music is part of <a href=\"https:\/\/statensmusikverk.se\/en\/\">Statens musikverk \u2013 National Collections of Music, Theatre and Dance<\/a>.<\/p>\n<\/external-link-icon><\/div>\n\n<div class=\"w-constrained richtext\"><external-link-icon>\n<h2 class=\"wp-block-heading\">Award-Winning Releases and Collaborations<\/h2>\n<\/external-link-icon><\/div>\n\n<div class=\"w-constrained richtext\"><external-link-icon>\n<p>Most of our music features Swedish artists, musicians, and composers, but we also represent music from around the world.<\/p>\n<\/external-link-icon><\/div>\n\n<div class=\"w-constrained richtext\"><external-link-icon>\n<p>Our notable releases include the acclaimed series <em>Svensk Jazzhistoria<\/em> (Swedish Jazz History), <em>\u00c1\u0161\u0161og\u00e1ttis \u2013 By the Embers<\/em> by Sofia Jannok, <em>Organic Music Society<\/em> by Don Cherry, the world music series <em>Music From<\/em>, Karl-Birger Blomdahl&#8217;s opera <em>Aniara<\/em>, and Oddjob&#8217;s Grammy-winning <em>Folk<\/em>.<\/p>\n<\/external-link-icon><\/div>","protected":false},"excerpt":{"rendered":"<p>500 Album Titles Across 50 Years Caprice Music is a record label specializing in classical and contemporary art music, electroacoustic music, jazz, folk and world music, as well as music for children and young adults. Founded as a record label in 1971, our extensive catalog spans over 500 album titles. The catalog also includes historical [&hellip;]<\/p>\n","protected":false},"author":2,"featured_media":0,"parent":0,"menu_order":0,"comment_status":"closed","ping_status":"closed","template":"","meta":{"_acf_changed":false,"footnotes":""},"class_list":["post-247","page","type-page","status-publish","hentry"],"acf":[],"yoast_head":"<!-- This site is optimized with the Yoast SEO plugin v25.8 - https:\/\/yoast.com\/wordpress\/plugins\/seo\/ -->\n<title>About Caprice Music - Caprice Music<\/title>\n<meta name=\"robots\" content=\"index, follow, max-snippet:-1, max-image-preview:large, max-video-preview:-1\" \/>\n<link rel=\"canonical\" href=\"https:\/\/capricemusic.se\/om-caprice-music\/\" \/>\n<meta property=\"og:locale\" content=\"en_US\" \/>\n<meta property=\"og:type\" content=\"article\" \/>\n<meta property=\"og:title\" content=\"About Caprice Music - Caprice Music\" \/>\n<meta property=\"og:description\" content=\"500 Album Titles Across 50 Years Caprice Music is a record label specializing in classical and contemporary art music, electroacoustic music, jazz, folk and world music, as well as music for children and young adults. Founded as a record label in 1971, our extensive catalog spans over 500 album titles. The catalog also includes historical [&hellip;]\" \/>\n<meta property=\"og:url\" content=\"https:\/\/capricemusic.se\/om-caprice-music\/\" \/>\n<meta property=\"og:site_name\" content=\"Caprice Music\" \/>\n<meta property=\"article:modified_time\" content=\"2024-11-22T10:01:26+00:00\" \/>\n<meta name=\"twitter:card\" content=\"summary_large_image\" \/>\n<meta name=\"twitter:label1\" content=\"Est. reading time\" \/>\n\t<meta name=\"twitter:data1\" content=\"2 minutes\" \/>\n<script type=\"application\/ld+json\" class=\"yoast-schema-graph\">{\"@context\":\"https:\/\/schema.org\",\"@graph\":[{\"@type\":\"WebPage\",\"@id\":\"https:\/\/capricemusic.se\/om-caprice-music\/\",\"url\":\"https:\/\/capricemusic.se\/om-caprice-music\/\",\"name\":\"About Caprice Music - Caprice Music\",\"isPartOf\":{\"@id\":\"https:\/\/capricemusic.se\/#website\"},\"datePublished\":\"2024-07-29T13:06:22+00:00\",\"dateModified\":\"2024-11-22T10:01:26+00:00\",\"breadcrumb\":{\"@id\":\"https:\/\/capricemusic.se\/om-caprice-music\/#breadcrumb\"},\"inLanguage\":\"en-US\",\"potentialAction\":[{\"@type\":\"ReadAction\",\"target\":[\"https:\/\/capricemusic.se\/om-caprice-music\/\"]}]},{\"@type\":\"BreadcrumbList\",\"@id\":\"https:\/\/capricemusic.se\/om-caprice-music\/#breadcrumb\",\"itemListElement\":[{\"@type\":\"ListItem\",\"position\":1,\"name\":\"Home\",\"item\":\"https:\/\/capricemusic.se\/en\/\"},{\"@type\":\"ListItem\",\"position\":2,\"name\":\"About Caprice Music\"}]},{\"@type\":\"WebSite\",\"@id\":\"https:\/\/capricemusic.se\/#website\",\"url\":\"https:\/\/capricemusic.se\/\",\"name\":\"Caprice Music\",\"description\":\"\",\"potentialAction\":[{\"@type\":\"SearchAction\",\"target\":{\"@type\":\"EntryPoint\",\"urlTemplate\":\"https:\/\/capricemusic.se\/?s={search_term_string}\"},\"query-input\":{\"@type\":\"PropertyValueSpecification\",\"valueRequired\":true,\"valueName\":\"search_term_string\"}}],\"inLanguage\":\"en-US\"}]}<\/script>\n<!-- \/ Yoast SEO plugin. -->","yoast_head_json":{"title":"About Caprice Music - Caprice Music","robots":{"index":"index","follow":"follow","max-snippet":"max-snippet:-1","max-image-preview":"max-image-preview:large","max-video-preview":"max-video-preview:-1"},"canonical":"https:\/\/capricemusic.se\/om-caprice-music\/","og_locale":"en_US","og_type":"article","og_title":"About Caprice Music - Caprice Music","og_description":"500 Album Titles Across 50 Years Caprice Music is a record label specializing in classical and contemporary art music, electroacoustic music, jazz, folk and world music, as well as music for children and young adults. Founded as a record label in 1971, our extensive catalog spans over 500 album titles. The catalog also includes historical [&hellip;]","og_url":"https:\/\/capricemusic.se\/om-caprice-music\/","og_site_name":"Caprice Music","article_modified_time":"2024-11-22T10:01:26+00:00","twitter_card":"summary_large_image","twitter_misc":{"Est. reading time":"2 minutes"},"schema":{"@context":"https:\/\/schema.org","@graph":[{"@type":"WebPage","@id":"https:\/\/capricemusic.se\/om-caprice-music\/","url":"https:\/\/capricemusic.se\/om-caprice-music\/","name":"About Caprice Music - Caprice Music","isPartOf":{"@id":"https:\/\/capricemusic.se\/#website"},"datePublished":"2024-07-29T13:06:22+00:00","dateModified":"2024-11-22T10:01:26+00:00","breadcrumb":{"@id":"https:\/\/capricemusic.se\/om-caprice-music\/#breadcrumb"},"inLanguage":"en-US","potentialAction":[{"@type":"ReadAction","target":["https:\/\/capricemusic.se\/om-caprice-music\/"]}]},{"@type":"BreadcrumbList","@id":"https:\/\/capricemusic.se\/om-caprice-music\/#breadcrumb","itemListElement":[{"@type":"ListItem","position":1,"name":"Home","item":"https:\/\/capricemusic.se\/en\/"},{"@type":"ListItem","position":2,"name":"About Caprice Music"}]},{"@type":"WebSite","@id":"https:\/\/capricemusic.se\/#website","url":"https:\/\/capricemusic.se\/","name":"Caprice Music","description":"","potentialAction":[{"@type":"SearchAction","target":{"@type":"EntryPoint","urlTemplate":"https:\/\/capricemusic.se\/?s={search_term_string}"},"query-input":{"@type":"PropertyValueSpecification","valueRequired":true,"valueName":"search_term_string"}}],"inLanguage":"en-US"}]}},"_links":{"self":[{"href":"https:\/\/capricemusic.se\/en\/wp-json\/wp\/v2\/pages\/247","targetHints":{"allow":["GET"]}}],"collection":[{"href":"https:\/\/capricemusic.se\/en\/wp-json\/wp\/v2\/pages"}],"about":[{"href":"https:\/\/capricemusic.se\/en\/wp-json\/wp\/v2\/types\/page"}],"author":[{"embeddable":true,"href":"https:\/\/capricemusic.se\/en\/wp-json\/wp\/v2\/users\/2"}],"replies":[{"embeddable":true,"href":"https:\/\/capricemusic.se\/en\/wp-json\/wp\/v2\/comments?post=247"}],"version-history":[{"count":5,"href":"https:\/\/capricemusic.se\/en\/wp-json\/wp\/v2\/pages\/247\/revisions"}],"predecessor-version":[{"id":443,"href":"https:\/\/capricemusic.se\/en\/wp-json\/wp\/v2\/pages\/247\/revisions\/443"}],"wp:attachment":[{"href":"https:\/\/capricemusic.se\/en\/wp-json\/wp\/v2\/media?parent=247"}],"curies":[{"name":"wp","href":"https:\/\/api.w.org\/{rel}","templated":true}]}}