{"id":264,"date":"2024-02-28T13:15:05","date_gmt":"2024-02-28T12:15:05","guid":{"rendered":"https:\/\/capricemusic.se\/?page_id=264"},"modified":"2024-11-13T13:30:57","modified_gmt":"2024-11-13T12:30:57","slug":"tietoa-caprice-musicista","status":"publish","type":"page","link":"https:\/\/capricemusic.se\/fi\/","title":{"rendered":"Tietoa Caprice Musicista"},"content":{"rendered":"\n\n<div class=\"w-constrained richtext\"><external-link-icon>\n<h2 class=\"wp-block-heading\">500 albumia 50 vuoden ajalta<\/h2>\n<\/external-link-icon><\/div>\n\n<div class=\"w-constrained richtext\"><external-link-icon>\n<p>Caprice Music on musiikkiyhti\u00f6, joka kattaa klassisen ja modernin taidemusiikin, elektroakustisen musiikin, jazzin, kansanmusiikin ja maailmanmusiikin sek\u00e4 lasten ja nuorten musiikin.<\/p>\n<\/external-link-icon><\/div>\n\n<div class=\"w-constrained richtext\"><external-link-icon>\n<p>Yhti\u00f6 perustettiin vuonna 1971 levy-yhti\u00f6ksi ja suuri luettelomme koostuu yli 500 albumista yli 50 vuoden ajalta. Luettelo sis\u00e4lt\u00e4\u00e4 my\u00f6s historiallista dokumentaatiota, koostejulkaisuja ja s\u00e4velt\u00e4j\u00e4muotokuvia.<\/p>\n<\/external-link-icon><\/div>\n\n<div class=\"w-constrained richtext\"><external-link-icon>\n<h2 class=\"wp-block-heading\">Olemme siell\u00e4, miss\u00e4 musiikkia kuunnellaan<\/h2>\n<\/external-link-icon><\/div>\n\n<div class=\"w-constrained richtext\"><external-link-icon>\n<p>Nyky\u00e4\u00e4n ty\u00f6skentelemme uusintajulkaisujen parissa ja tavoitteenamme on, ett\u00e4 musiikkia on saatavana niill\u00e4 alustoilla ja niiss\u00e4 muodoissa, joissa musiikkia mieluiten t\u00e4n\u00e4 p\u00e4iv\u00e4n\u00e4 kuunnellaan. Julkaisemme muun muassa eksklusiivisia LP-painoksia, digitaalisia albumeja ja podeja, jotka antavat uuden n\u00e4k\u00f6kulman musiikkiin ja yhteyteen, jossa musiikki luotiin.<\/p>\n<\/external-link-icon><\/div>\n\n<div class=\"w-constrained richtext\"><external-link-icon>\n<p>Julkaisemme lis\u00e4ksi uutta tuotantoa, joka liittyy kulttuuriperint\u00f6\u00f6n ja aiemmin julkaistuun materiaaliin kulttuurihistoriallisista kokoelmista. Olemme osa <a href=\"https:\/\/statensmusikverk.se\/rom\/\">Valtion musiikkivirastoa<\/a>.<\/p>\n<\/external-link-icon><\/div>\n\n<div class=\"w-constrained richtext\"><external-link-icon>\n<h2 class=\"wp-block-heading\">Palkittuja painoksia ja yhteisty\u00f6t\u00e4<\/h2>\n<\/external-link-icon><\/div>\n\n<div class=\"w-constrained richtext\"><external-link-icon>\n<p>Julkaisemme p\u00e4\u00e4asiassa ruotsalaisten artistien, muusikoiden ja s\u00e4velt\u00e4jien musiikkia, mutta my\u00f6s musiikkia kaikkialta maailmasta.<\/p>\n<\/external-link-icon><\/div>\n\n<div class=\"w-constrained richtext\"><external-link-icon>\n<p>Julkaisuistamme voidaan mainita muun muassa kulttisarja <em>Svensk Jazzhistoria<\/em>, Sofia Jannokin <em>\u00c1\u0161\u0161og\u00e1ttis \u2013 By the Embers<\/em>, Don Cherryn <em>Organic Music Society<\/em>, maailmanmusiikkisarja <em>Music From<\/em>, Karl-Birger Blomdahlin ooppera <em>Aniara <\/em>ja Oddjobin Grammy-palkittu <em>Folk<\/em>.<\/p>\n<\/external-link-icon><\/div>","protected":false},"excerpt":{"rendered":"<p>500 albumia 50 vuoden ajalta Caprice Music on musiikkiyhti\u00f6, joka kattaa klassisen ja modernin taidemusiikin, elektroakustisen musiikin, jazzin, kansanmusiikin ja maailmanmusiikin sek\u00e4 lasten ja nuorten musiikin. Yhti\u00f6 perustettiin vuonna 1971 levy-yhti\u00f6ksi ja suuri luettelomme koostuu yli 500 albumista yli 50 vuoden ajalta. Luettelo sis\u00e4lt\u00e4\u00e4 my\u00f6s historiallista dokumentaatiota, koostejulkaisuja ja s\u00e4velt\u00e4j\u00e4muotokuvia. Olemme siell\u00e4, miss\u00e4 musiikkia kuunnellaan [&hellip;]<\/p>\n","protected":false},"author":2,"featured_media":0,"parent":0,"menu_order":-100,"comment_status":"closed","ping_status":"open","template":"","meta":{"_acf_changed":false,"footnotes":""},"class_list":["post-264","page","type-page","status-publish","hentry"],"acf":[],"yoast_head":"<!-- This site is optimized with the Yoast SEO plugin v25.8 - https:\/\/yoast.com\/wordpress\/plugins\/seo\/ -->\n<title>Tietoa Caprice Musicista - Caprice Music<\/title>\n<meta name=\"robots\" content=\"index, follow, max-snippet:-1, max-image-preview:large, max-video-preview:-1\" \/>\n<link rel=\"canonical\" href=\"https:\/\/capricemusic.se\/\" \/>\n<meta property=\"og:locale\" content=\"fi_FI\" \/>\n<meta property=\"og:type\" content=\"article\" \/>\n<meta property=\"og:title\" content=\"Tietoa Caprice Musicista - Caprice Music\" \/>\n<meta property=\"og:description\" content=\"500 albumia 50 vuoden ajalta Caprice Music on musiikkiyhti\u00f6, joka kattaa klassisen ja modernin taidemusiikin, elektroakustisen musiikin, jazzin, kansanmusiikin ja maailmanmusiikin sek\u00e4 lasten ja nuorten musiikin. Yhti\u00f6 perustettiin vuonna 1971 levy-yhti\u00f6ksi ja suuri luettelomme koostuu yli 500 albumista yli 50 vuoden ajalta. Luettelo sis\u00e4lt\u00e4\u00e4 my\u00f6s historiallista dokumentaatiota, koostejulkaisuja ja s\u00e4velt\u00e4j\u00e4muotokuvia. Olemme siell\u00e4, miss\u00e4 musiikkia kuunnellaan [&hellip;]\" \/>\n<meta property=\"og:url\" content=\"https:\/\/capricemusic.se\/\" \/>\n<meta property=\"og:site_name\" content=\"Caprice Music\" \/>\n<meta property=\"article:modified_time\" content=\"2024-11-13T12:30:57+00:00\" \/>\n<meta name=\"twitter:card\" content=\"summary_large_image\" \/>\n<meta name=\"twitter:label1\" content=\"Est. reading time\" \/>\n\t<meta name=\"twitter:data1\" content=\"1 minute\" \/>\n<script type=\"application\/ld+json\" class=\"yoast-schema-graph\">{\"@context\":\"https:\/\/schema.org\",\"@graph\":[{\"@type\":\"WebPage\",\"@id\":\"https:\/\/capricemusic.se\/\",\"url\":\"https:\/\/capricemusic.se\/\",\"name\":\"Tietoa Caprice Musicista - Caprice Music\",\"isPartOf\":{\"@id\":\"https:\/\/capricemusic.se\/#website\"},\"datePublished\":\"2024-02-28T12:15:05+00:00\",\"dateModified\":\"2024-11-13T12:30:57+00:00\",\"breadcrumb\":{\"@id\":\"https:\/\/capricemusic.se\/#breadcrumb\"},\"inLanguage\":\"fi\",\"potentialAction\":[{\"@type\":\"ReadAction\",\"target\":[\"https:\/\/capricemusic.se\/\"]}]},{\"@type\":\"BreadcrumbList\",\"@id\":\"https:\/\/capricemusic.se\/#breadcrumb\",\"itemListElement\":[{\"@type\":\"ListItem\",\"position\":1,\"name\":\"Home\",\"item\":\"https:\/\/capricemusic.se\/\"},{\"@type\":\"ListItem\",\"position\":2,\"name\":\"Tietoa Caprice Musicista\"}]},{\"@type\":\"WebSite\",\"@id\":\"https:\/\/capricemusic.se\/#website\",\"url\":\"https:\/\/capricemusic.se\/\",\"name\":\"Caprice Music\",\"description\":\"\",\"potentialAction\":[{\"@type\":\"SearchAction\",\"target\":{\"@type\":\"EntryPoint\",\"urlTemplate\":\"https:\/\/capricemusic.se\/?s={search_term_string}\"},\"query-input\":{\"@type\":\"PropertyValueSpecification\",\"valueRequired\":true,\"valueName\":\"search_term_string\"}}],\"inLanguage\":\"fi\"}]}<\/script>\n<!-- \/ Yoast SEO plugin. -->","yoast_head_json":{"title":"Tietoa Caprice Musicista - Caprice Music","robots":{"index":"index","follow":"follow","max-snippet":"max-snippet:-1","max-image-preview":"max-image-preview:large","max-video-preview":"max-video-preview:-1"},"canonical":"https:\/\/capricemusic.se\/","og_locale":"fi_FI","og_type":"article","og_title":"Tietoa Caprice Musicista - Caprice Music","og_description":"500 albumia 50 vuoden ajalta Caprice Music on musiikkiyhti\u00f6, joka kattaa klassisen ja modernin taidemusiikin, elektroakustisen musiikin, jazzin, kansanmusiikin ja maailmanmusiikin sek\u00e4 lasten ja nuorten musiikin. Yhti\u00f6 perustettiin vuonna 1971 levy-yhti\u00f6ksi ja suuri luettelomme koostuu yli 500 albumista yli 50 vuoden ajalta. Luettelo sis\u00e4lt\u00e4\u00e4 my\u00f6s historiallista dokumentaatiota, koostejulkaisuja ja s\u00e4velt\u00e4j\u00e4muotokuvia. Olemme siell\u00e4, miss\u00e4 musiikkia kuunnellaan [&hellip;]","og_url":"https:\/\/capricemusic.se\/","og_site_name":"Caprice Music","article_modified_time":"2024-11-13T12:30:57+00:00","twitter_card":"summary_large_image","twitter_misc":{"Est. reading time":"1 minute"},"schema":{"@context":"https:\/\/schema.org","@graph":[{"@type":"WebPage","@id":"https:\/\/capricemusic.se\/","url":"https:\/\/capricemusic.se\/","name":"Tietoa Caprice Musicista - Caprice Music","isPartOf":{"@id":"https:\/\/capricemusic.se\/#website"},"datePublished":"2024-02-28T12:15:05+00:00","dateModified":"2024-11-13T12:30:57+00:00","breadcrumb":{"@id":"https:\/\/capricemusic.se\/#breadcrumb"},"inLanguage":"fi","potentialAction":[{"@type":"ReadAction","target":["https:\/\/capricemusic.se\/"]}]},{"@type":"BreadcrumbList","@id":"https:\/\/capricemusic.se\/#breadcrumb","itemListElement":[{"@type":"ListItem","position":1,"name":"Home","item":"https:\/\/capricemusic.se\/"},{"@type":"ListItem","position":2,"name":"Tietoa Caprice Musicista"}]},{"@type":"WebSite","@id":"https:\/\/capricemusic.se\/#website","url":"https:\/\/capricemusic.se\/","name":"Caprice Music","description":"","potentialAction":[{"@type":"SearchAction","target":{"@type":"EntryPoint","urlTemplate":"https:\/\/capricemusic.se\/?s={search_term_string}"},"query-input":{"@type":"PropertyValueSpecification","valueRequired":true,"valueName":"search_term_string"}}],"inLanguage":"fi"}]}},"_links":{"self":[{"href":"https:\/\/capricemusic.se\/fi\/wp-json\/wp\/v2\/pages\/264","targetHints":{"allow":["GET"]}}],"collection":[{"href":"https:\/\/capricemusic.se\/fi\/wp-json\/wp\/v2\/pages"}],"about":[{"href":"https:\/\/capricemusic.se\/fi\/wp-json\/wp\/v2\/types\/page"}],"author":[{"embeddable":true,"href":"https:\/\/capricemusic.se\/fi\/wp-json\/wp\/v2\/users\/2"}],"replies":[{"embeddable":true,"href":"https:\/\/capricemusic.se\/fi\/wp-json\/wp\/v2\/comments?post=264"}],"version-history":[{"count":3,"href":"https:\/\/capricemusic.se\/fi\/wp-json\/wp\/v2\/pages\/264\/revisions"}],"predecessor-version":[{"id":335,"href":"https:\/\/capricemusic.se\/fi\/wp-json\/wp\/v2\/pages\/264\/revisions\/335"}],"wp:attachment":[{"href":"https:\/\/capricemusic.se\/fi\/wp-json\/wp\/v2\/media?parent=264"}],"curies":[{"name":"wp","href":"https:\/\/api.w.org\/{rel}","templated":true}]}}