{"id":260,"date":"2024-02-28T13:15:05","date_gmt":"2024-02-28T12:15:05","guid":{"rendered":"https:\/\/capricemusic.se\/?page_id=260"},"modified":"2024-11-13T13:31:28","modified_gmt":"2024-11-13T12:31:28","slug":"caprice-musicista","status":"publish","type":"page","link":"https:\/\/capricemusic.se\/fit\/","title":{"rendered":"Caprice Music:ista"},"content":{"rendered":"\n\n<div class=\"w-constrained richtext\"><external-link-icon>\n<h2 class=\"wp-block-heading\">500 alpumititteli\u00e4 50 vuen aijalta<\/h2>\n<\/external-link-icon><\/div>\n\n<div class=\"w-constrained richtext\"><external-link-icon>\n<p>Caprice Music oon musikkipuulaaki klassisessa ja nykyaijan taitemusikissa, elektroakystisess\u00e4 musikissa, jassissa, kansan- ja mailmanmusikissa ja lasten- ja nuorisonmusikissa.<\/p>\n<\/external-link-icon><\/div>\n\n<div class=\"w-constrained richtext\"><external-link-icon>\n<p>Me\u00e4t perustethiin levypuulakinna 1971 ja me\u00e4n suuressa katalookissa oon en\u00e4mpi ko 500 alpumititteli\u00e4 yli 50 vuelta. Katalookissa oon kansa histuurisia tokymentasuunia, kokoelmapainoksia ja s\u00e4velt\u00e4j\u00e4portr\u00e4tti\u00e4.<\/p>\n<\/external-link-icon><\/div>\n\n<div class=\"w-constrained richtext\"><external-link-icon>\n<h2 class=\"wp-block-heading\">Met olema siel\u00e4 miss\u00e4 sie kuuntelet musikkia &nbsp;<\/h2>\n<\/external-link-icon><\/div>\n\n<div class=\"w-constrained richtext\"><external-link-icon>\n<p>T\u00e4n\u00e4 p\u00e4iv\u00e4n\u00e4 met tehem\u00e4 uusjulkasun kansa t\u00f6it\u00e4, p\u00e4\u00e4m\u00e4\u00e4r\u00e4n\u00e4 ette musikki pitt\u00e4\u00e4 olla saatavilla niiss\u00e4 ohjelmissa ja formaatissa miss\u00e4 mielumin kuunelthaan musikkia nykysin. Me\u00e4n julkasuissa oon eksklysiivi\u00e4 LP-painoksia, tikitaalia alpummia ja pottia jokka antavat uusia perspektiivi\u00e4 musikille ja yhtheyksille joissako niit\u00e4 luothiin.<\/p>\n<\/external-link-icon><\/div>\n\n<div class=\"w-constrained richtext\"><external-link-icon>\n<p>Met annama kansa ulos uusia tuotantoja liitetty kulttuuriperinth\u00f6\u00f6n ja entisheen ei ulosannethuin materiaahliin kulttuurihistuurisista kokoelmista. Met olema osa virastosta <a href=\"https:\/\/statensmusikverk.se\/fit\/\">Valtion musikkilaitoksesta\/Statens musikverk<\/a>.<\/p>\n<\/external-link-icon><\/div>\n\n<div class=\"w-constrained richtext\"><external-link-icon>\n<h2 class=\"wp-block-heading\">Arvostettuja painoksia ja yhtheist\u00f6it\u00e4<\/h2>\n<\/external-link-icon><\/div>\n\n<div class=\"w-constrained richtext\"><external-link-icon>\n<p>Suuriin osa musikista jotako met julkasemma oon ruottalaisitten artistitten, muusikoitten ja s\u00e4velt\u00e4jitten tekemi\u00e4, mutta eustettuna oon musikkia koko mailmasta.<\/p>\n<\/external-link-icon><\/div>\n\n<div class=\"w-constrained richtext\"><external-link-icon>\n<p>Me\u00e4n painoksitten seurassa huomaa muun muassa kulttijulistettu sarja <em>Svensk Jazzhistoria<\/em>, Sofia Jannokin <em>\u00c1\u0161\u0161og\u00e1ttis \u2013 By the Embers<\/em>, Don Cherryn <em>Organic Music Society<\/em>, mailmanmusikkisarja <em>Music From<\/em>, Karl-Birger Blomdahlin uuppera <em>Aniara<\/em> ja Oddjob:in grammisvoittaja <em>Folk.<\/em><\/p>\n<\/external-link-icon><\/div>","protected":false},"excerpt":{"rendered":"<p>500 alpumititteli\u00e4 50 vuen aijalta Caprice Music oon musikkipuulaaki klassisessa ja nykyaijan taitemusikissa, elektroakystisess\u00e4 musikissa, jassissa, kansan- ja mailmanmusikissa ja lasten- ja nuorisonmusikissa. Me\u00e4t perustethiin levypuulakinna 1971 ja me\u00e4n suuressa katalookissa oon en\u00e4mpi ko 500 alpumititteli\u00e4 yli 50 vuelta. Katalookissa oon kansa histuurisia tokymentasuunia, kokoelmapainoksia ja s\u00e4velt\u00e4j\u00e4portr\u00e4tti\u00e4. Met olema siel\u00e4 miss\u00e4 sie kuuntelet musikkia &nbsp; [&hellip;]<\/p>\n","protected":false},"author":2,"featured_media":0,"parent":0,"menu_order":-100,"comment_status":"closed","ping_status":"open","template":"","meta":{"_acf_changed":false,"footnotes":""},"class_list":["post-260","page","type-page","status-publish","hentry"],"acf":[],"yoast_head":"<!-- This site is optimized with the Yoast SEO plugin v25.8 - https:\/\/yoast.com\/wordpress\/plugins\/seo\/ -->\n<title>Caprice Music:ista - Caprice Music<\/title>\n<meta name=\"robots\" content=\"index, follow, max-snippet:-1, max-image-preview:large, max-video-preview:-1\" \/>\n<link rel=\"canonical\" href=\"https:\/\/capricemusic.se\/\" \/>\n<meta property=\"og:locale\" content=\"fi_FI\" \/>\n<meta property=\"og:type\" content=\"article\" \/>\n<meta property=\"og:title\" content=\"Caprice Music:ista - Caprice Music\" \/>\n<meta property=\"og:description\" content=\"500 alpumititteli\u00e4 50 vuen aijalta Caprice Music oon musikkipuulaaki klassisessa ja nykyaijan taitemusikissa, elektroakystisess\u00e4 musikissa, jassissa, kansan- ja mailmanmusikissa ja lasten- ja nuorisonmusikissa. Me\u00e4t perustethiin levypuulakinna 1971 ja me\u00e4n suuressa katalookissa oon en\u00e4mpi ko 500 alpumititteli\u00e4 yli 50 vuelta. Katalookissa oon kansa histuurisia tokymentasuunia, kokoelmapainoksia ja s\u00e4velt\u00e4j\u00e4portr\u00e4tti\u00e4. Met olema siel\u00e4 miss\u00e4 sie kuuntelet musikkia &nbsp; [&hellip;]\" \/>\n<meta property=\"og:url\" content=\"https:\/\/capricemusic.se\/\" \/>\n<meta property=\"og:site_name\" content=\"Caprice Music\" \/>\n<meta property=\"article:modified_time\" content=\"2024-11-13T12:31:28+00:00\" \/>\n<meta name=\"twitter:card\" content=\"summary_large_image\" \/>\n<meta name=\"twitter:label1\" content=\"Est. reading time\" \/>\n\t<meta name=\"twitter:data1\" content=\"1 minute\" \/>\n<script type=\"application\/ld+json\" class=\"yoast-schema-graph\">{\"@context\":\"https:\/\/schema.org\",\"@graph\":[{\"@type\":\"WebPage\",\"@id\":\"https:\/\/capricemusic.se\/\",\"url\":\"https:\/\/capricemusic.se\/\",\"name\":\"Caprice Music:ista - Caprice Music\",\"isPartOf\":{\"@id\":\"https:\/\/capricemusic.se\/#website\"},\"datePublished\":\"2024-02-28T12:15:05+00:00\",\"dateModified\":\"2024-11-13T12:31:28+00:00\",\"breadcrumb\":{\"@id\":\"https:\/\/capricemusic.se\/#breadcrumb\"},\"inLanguage\":\"fit\",\"potentialAction\":[{\"@type\":\"ReadAction\",\"target\":[\"https:\/\/capricemusic.se\/\"]}]},{\"@type\":\"BreadcrumbList\",\"@id\":\"https:\/\/capricemusic.se\/#breadcrumb\",\"itemListElement\":[{\"@type\":\"ListItem\",\"position\":1,\"name\":\"Home\",\"item\":\"https:\/\/capricemusic.se\/\"},{\"@type\":\"ListItem\",\"position\":2,\"name\":\"Caprice Music:ista\"}]},{\"@type\":\"WebSite\",\"@id\":\"https:\/\/capricemusic.se\/#website\",\"url\":\"https:\/\/capricemusic.se\/\",\"name\":\"Caprice Music\",\"description\":\"\",\"potentialAction\":[{\"@type\":\"SearchAction\",\"target\":{\"@type\":\"EntryPoint\",\"urlTemplate\":\"https:\/\/capricemusic.se\/?s={search_term_string}\"},\"query-input\":{\"@type\":\"PropertyValueSpecification\",\"valueRequired\":true,\"valueName\":\"search_term_string\"}}],\"inLanguage\":\"fit\"}]}<\/script>\n<!-- \/ Yoast SEO plugin. -->","yoast_head_json":{"title":"Caprice Music:ista - Caprice Music","robots":{"index":"index","follow":"follow","max-snippet":"max-snippet:-1","max-image-preview":"max-image-preview:large","max-video-preview":"max-video-preview:-1"},"canonical":"https:\/\/capricemusic.se\/","og_locale":"fi_FI","og_type":"article","og_title":"Caprice Music:ista - Caprice Music","og_description":"500 alpumititteli\u00e4 50 vuen aijalta Caprice Music oon musikkipuulaaki klassisessa ja nykyaijan taitemusikissa, elektroakystisess\u00e4 musikissa, jassissa, kansan- ja mailmanmusikissa ja lasten- ja nuorisonmusikissa. Me\u00e4t perustethiin levypuulakinna 1971 ja me\u00e4n suuressa katalookissa oon en\u00e4mpi ko 500 alpumititteli\u00e4 yli 50 vuelta. Katalookissa oon kansa histuurisia tokymentasuunia, kokoelmapainoksia ja s\u00e4velt\u00e4j\u00e4portr\u00e4tti\u00e4. Met olema siel\u00e4 miss\u00e4 sie kuuntelet musikkia &nbsp; [&hellip;]","og_url":"https:\/\/capricemusic.se\/","og_site_name":"Caprice Music","article_modified_time":"2024-11-13T12:31:28+00:00","twitter_card":"summary_large_image","twitter_misc":{"Est. reading time":"1 minute"},"schema":{"@context":"https:\/\/schema.org","@graph":[{"@type":"WebPage","@id":"https:\/\/capricemusic.se\/","url":"https:\/\/capricemusic.se\/","name":"Caprice Music:ista - Caprice Music","isPartOf":{"@id":"https:\/\/capricemusic.se\/#website"},"datePublished":"2024-02-28T12:15:05+00:00","dateModified":"2024-11-13T12:31:28+00:00","breadcrumb":{"@id":"https:\/\/capricemusic.se\/#breadcrumb"},"inLanguage":"fit","potentialAction":[{"@type":"ReadAction","target":["https:\/\/capricemusic.se\/"]}]},{"@type":"BreadcrumbList","@id":"https:\/\/capricemusic.se\/#breadcrumb","itemListElement":[{"@type":"ListItem","position":1,"name":"Home","item":"https:\/\/capricemusic.se\/"},{"@type":"ListItem","position":2,"name":"Caprice Music:ista"}]},{"@type":"WebSite","@id":"https:\/\/capricemusic.se\/#website","url":"https:\/\/capricemusic.se\/","name":"Caprice Music","description":"","potentialAction":[{"@type":"SearchAction","target":{"@type":"EntryPoint","urlTemplate":"https:\/\/capricemusic.se\/?s={search_term_string}"},"query-input":{"@type":"PropertyValueSpecification","valueRequired":true,"valueName":"search_term_string"}}],"inLanguage":"fit"}]}},"_links":{"self":[{"href":"https:\/\/capricemusic.se\/fit\/wp-json\/wp\/v2\/pages\/260","targetHints":{"allow":["GET"]}}],"collection":[{"href":"https:\/\/capricemusic.se\/fit\/wp-json\/wp\/v2\/pages"}],"about":[{"href":"https:\/\/capricemusic.se\/fit\/wp-json\/wp\/v2\/types\/page"}],"author":[{"embeddable":true,"href":"https:\/\/capricemusic.se\/fit\/wp-json\/wp\/v2\/users\/2"}],"replies":[{"embeddable":true,"href":"https:\/\/capricemusic.se\/fit\/wp-json\/wp\/v2\/comments?post=260"}],"version-history":[{"count":3,"href":"https:\/\/capricemusic.se\/fit\/wp-json\/wp\/v2\/pages\/260\/revisions"}],"predecessor-version":[{"id":336,"href":"https:\/\/capricemusic.se\/fit\/wp-json\/wp\/v2\/pages\/260\/revisions\/336"}],"wp:attachment":[{"href":"https:\/\/capricemusic.se\/fit\/wp-json\/wp\/v2\/media?parent=260"}],"curies":[{"name":"wp","href":"https:\/\/api.w.org\/{rel}","templated":true}]}}