{"id":256,"date":"2024-02-28T13:15:05","date_gmt":"2024-02-28T12:15:05","guid":{"rendered":"https:\/\/capricemusic.se\/?page_id=256"},"modified":"2024-11-13T13:29:08","modified_gmt":"2024-11-13T12:29:08","slug":"kotar-o-caprice-music","status":"publish","type":"page","link":"https:\/\/capricemusic.se\/rom\/","title":{"rendered":"Kotar o Caprice Music"},"content":{"rendered":"\n\n<div class=\"w-constrained richtext\"><external-link-icon>\n<h2 class=\"wp-block-heading\">500 albumija ko 50 ber\u0161<\/h2>\n<\/external-link-icon><\/div>\n\n<div class=\"w-constrained richtext\"><external-link-icon>\n<p>Caprice Music tani jekh muzi\u010dko firma ki klasi\u010dno, umetni\u010dko, elektroakusti\u010dno, jazz, folk- hem \u010dhavorikani- hem ternikani muzika.<\/p>\n<\/external-link-icon><\/div>\n\n<div class=\"w-constrained richtext\"><external-link-icon>\n<p>Amen startirin\u0111am i firma e ber\u0161este 1971 hem amaro katalog isi olje prekalo 500 albumija ko prekalo 50 ber\u0161. O katalog isi olje hem historisko dokumentacia, kompilacije hem but avera bu\u010da.<\/p>\n<\/external-link-icon><\/div>\n\n<div class=\"w-constrained richtext\"><external-link-icon>\n<h2 class=\"wp-block-heading\">Amen hijam othe kaj tu \u0161uneja i muzika<\/h2>\n<\/external-link-icon><\/div>\n\n<div class=\"w-constrained richtext\"><external-link-icon>\n<p>Avdije publicirinaja i purani muzika ko popularna platforme hem ko odola formatija so \u0161unela pe i muzika avdije. Amen isi amen ekskluzivna LP plo\u010de, digitalna albumija, podkastija so dena neve<\/p>\n<\/external-link-icon><\/div>\n\n<div class=\"w-constrained richtext\"><external-link-icon>\n<p>perspektive ki muzika hem konteksti keda \u010der\u0111e pe.<\/p>\n<\/external-link-icon><\/div>\n\n<div class=\"w-constrained richtext\"><external-link-icon>\n<p>Amen publicirinaja nevi produkcia so isi ola konekcia ki kultura hem materialija so na hine publicirime angljeder. Amen hijam jekh delo kotar i institucia <a href=\"https:\/\/statensmusikverk.se\/rom\/\">Statens musikverk<\/a>.<\/p>\n<\/external-link-icon><\/div>\n\n<div class=\"w-constrained richtext\"><external-link-icon>\n<h2 class=\"wp-block-heading\">Nagrade hem saradnja<\/h2>\n<\/external-link-icon><\/div>\n\n<div class=\"w-constrained richtext\"><external-link-icon>\n<p>Amen najvi\u0161e publicirinaja muzika so \u010derena o \u0160vedska artistija, muzi\u010darija hem kompozitorija, ama hem isi amen muzika reprezentirimi kotar celo sveto.<\/p>\n<\/external-link-icon><\/div>\n\n<div class=\"w-constrained richtext\"><external-link-icon>\n<p>Akate koro amende \u0161aj te arakhe celo seria kotar <em>Svensk Jazzhistoria<\/em>, kotar i Sofia Jannok <em>\u00c1\u0161\u0161og\u00e1ttis \u2013 By the Embers<\/em>, kotar o Don Cherry <em>Organic Music Society<\/em>, muzika pen\u0111ardi ko celo sveto <em>Music From<\/em>, kotar o Karl-Birger Blomdahl opera <em>Aniara <\/em>hem kotar o Oddjob <em>Folk <\/em>so dobin\u0111a Grammi nagrada.<\/p>\n<\/external-link-icon><\/div>","protected":false},"excerpt":{"rendered":"<p>500 albumija ko 50 ber\u0161 Caprice Music tani jekh muzi\u010dko firma ki klasi\u010dno, umetni\u010dko, elektroakusti\u010dno, jazz, folk- hem \u010dhavorikani- hem ternikani muzika. Amen startirin\u0111am i firma e ber\u0161este 1971 hem amaro katalog isi olje prekalo 500 albumija ko prekalo 50 ber\u0161. O katalog isi olje hem historisko dokumentacia, kompilacije hem but avera bu\u010da. Amen hijam [&hellip;]<\/p>\n","protected":false},"author":2,"featured_media":0,"parent":0,"menu_order":-100,"comment_status":"closed","ping_status":"open","template":"","meta":{"_acf_changed":false,"footnotes":""},"class_list":["post-256","page","type-page","status-publish","hentry"],"acf":[],"yoast_head":"<!-- This site is optimized with the Yoast SEO plugin v25.8 - https:\/\/yoast.com\/wordpress\/plugins\/seo\/ -->\n<title>Kotar o Caprice Music - Caprice Music<\/title>\n<meta name=\"robots\" content=\"index, follow, max-snippet:-1, max-image-preview:large, max-video-preview:-1\" \/>\n<link rel=\"canonical\" href=\"https:\/\/capricemusic.se\/\" \/>\n<meta property=\"og:locale\" content=\"ro_RO\" \/>\n<meta property=\"og:type\" content=\"article\" \/>\n<meta property=\"og:title\" content=\"Kotar o Caprice Music - Caprice Music\" \/>\n<meta property=\"og:description\" content=\"500 albumija ko 50 ber\u0161 Caprice Music tani jekh muzi\u010dko firma ki klasi\u010dno, umetni\u010dko, elektroakusti\u010dno, jazz, folk- hem \u010dhavorikani- hem ternikani muzika. Amen startirin\u0111am i firma e ber\u0161este 1971 hem amaro katalog isi olje prekalo 500 albumija ko prekalo 50 ber\u0161. O katalog isi olje hem historisko dokumentacia, kompilacije hem but avera bu\u010da. Amen hijam [&hellip;]\" \/>\n<meta property=\"og:url\" content=\"https:\/\/capricemusic.se\/\" \/>\n<meta property=\"og:site_name\" content=\"Caprice Music\" \/>\n<meta property=\"article:modified_time\" content=\"2024-11-13T12:29:08+00:00\" \/>\n<meta name=\"twitter:card\" content=\"summary_large_image\" \/>\n<meta name=\"twitter:label1\" content=\"Est. reading time\" \/>\n\t<meta name=\"twitter:data1\" content=\"1 minute\" \/>\n<script type=\"application\/ld+json\" class=\"yoast-schema-graph\">{\"@context\":\"https:\/\/schema.org\",\"@graph\":[{\"@type\":\"WebPage\",\"@id\":\"https:\/\/capricemusic.se\/\",\"url\":\"https:\/\/capricemusic.se\/\",\"name\":\"Kotar o Caprice Music - Caprice Music\",\"isPartOf\":{\"@id\":\"https:\/\/capricemusic.se\/#website\"},\"datePublished\":\"2024-02-28T12:15:05+00:00\",\"dateModified\":\"2024-11-13T12:29:08+00:00\",\"breadcrumb\":{\"@id\":\"https:\/\/capricemusic.se\/#breadcrumb\"},\"inLanguage\":\"rom\",\"potentialAction\":[{\"@type\":\"ReadAction\",\"target\":[\"https:\/\/capricemusic.se\/\"]}]},{\"@type\":\"BreadcrumbList\",\"@id\":\"https:\/\/capricemusic.se\/#breadcrumb\",\"itemListElement\":[{\"@type\":\"ListItem\",\"position\":1,\"name\":\"Home\",\"item\":\"https:\/\/capricemusic.se\/\"},{\"@type\":\"ListItem\",\"position\":2,\"name\":\"Kotar o Caprice Music\"}]},{\"@type\":\"WebSite\",\"@id\":\"https:\/\/capricemusic.se\/#website\",\"url\":\"https:\/\/capricemusic.se\/\",\"name\":\"Caprice Music\",\"description\":\"\",\"potentialAction\":[{\"@type\":\"SearchAction\",\"target\":{\"@type\":\"EntryPoint\",\"urlTemplate\":\"https:\/\/capricemusic.se\/?s={search_term_string}\"},\"query-input\":{\"@type\":\"PropertyValueSpecification\",\"valueRequired\":true,\"valueName\":\"search_term_string\"}}],\"inLanguage\":\"rom\"}]}<\/script>\n<!-- \/ Yoast SEO plugin. -->","yoast_head_json":{"title":"Kotar o Caprice Music - Caprice Music","robots":{"index":"index","follow":"follow","max-snippet":"max-snippet:-1","max-image-preview":"max-image-preview:large","max-video-preview":"max-video-preview:-1"},"canonical":"https:\/\/capricemusic.se\/","og_locale":"ro_RO","og_type":"article","og_title":"Kotar o Caprice Music - Caprice Music","og_description":"500 albumija ko 50 ber\u0161 Caprice Music tani jekh muzi\u010dko firma ki klasi\u010dno, umetni\u010dko, elektroakusti\u010dno, jazz, folk- hem \u010dhavorikani- hem ternikani muzika. Amen startirin\u0111am i firma e ber\u0161este 1971 hem amaro katalog isi olje prekalo 500 albumija ko prekalo 50 ber\u0161. O katalog isi olje hem historisko dokumentacia, kompilacije hem but avera bu\u010da. Amen hijam [&hellip;]","og_url":"https:\/\/capricemusic.se\/","og_site_name":"Caprice Music","article_modified_time":"2024-11-13T12:29:08+00:00","twitter_card":"summary_large_image","twitter_misc":{"Est. reading time":"1 minute"},"schema":{"@context":"https:\/\/schema.org","@graph":[{"@type":"WebPage","@id":"https:\/\/capricemusic.se\/","url":"https:\/\/capricemusic.se\/","name":"Kotar o Caprice Music - Caprice Music","isPartOf":{"@id":"https:\/\/capricemusic.se\/#website"},"datePublished":"2024-02-28T12:15:05+00:00","dateModified":"2024-11-13T12:29:08+00:00","breadcrumb":{"@id":"https:\/\/capricemusic.se\/#breadcrumb"},"inLanguage":"rom","potentialAction":[{"@type":"ReadAction","target":["https:\/\/capricemusic.se\/"]}]},{"@type":"BreadcrumbList","@id":"https:\/\/capricemusic.se\/#breadcrumb","itemListElement":[{"@type":"ListItem","position":1,"name":"Home","item":"https:\/\/capricemusic.se\/"},{"@type":"ListItem","position":2,"name":"Kotar o Caprice Music"}]},{"@type":"WebSite","@id":"https:\/\/capricemusic.se\/#website","url":"https:\/\/capricemusic.se\/","name":"Caprice Music","description":"","potentialAction":[{"@type":"SearchAction","target":{"@type":"EntryPoint","urlTemplate":"https:\/\/capricemusic.se\/?s={search_term_string}"},"query-input":{"@type":"PropertyValueSpecification","valueRequired":true,"valueName":"search_term_string"}}],"inLanguage":"rom"}]}},"_links":{"self":[{"href":"https:\/\/capricemusic.se\/rom\/wp-json\/wp\/v2\/pages\/256","targetHints":{"allow":["GET"]}}],"collection":[{"href":"https:\/\/capricemusic.se\/rom\/wp-json\/wp\/v2\/pages"}],"about":[{"href":"https:\/\/capricemusic.se\/rom\/wp-json\/wp\/v2\/types\/page"}],"author":[{"embeddable":true,"href":"https:\/\/capricemusic.se\/rom\/wp-json\/wp\/v2\/users\/2"}],"replies":[{"embeddable":true,"href":"https:\/\/capricemusic.se\/rom\/wp-json\/wp\/v2\/comments?post=256"}],"version-history":[{"count":3,"href":"https:\/\/capricemusic.se\/rom\/wp-json\/wp\/v2\/pages\/256\/revisions"}],"predecessor-version":[{"id":334,"href":"https:\/\/capricemusic.se\/rom\/wp-json\/wp\/v2\/pages\/256\/revisions\/334"}],"wp:attachment":[{"href":"https:\/\/capricemusic.se\/rom\/wp-json\/wp\/v2\/media?parent=256"}],"curies":[{"name":"wp","href":"https:\/\/api.w.org\/{rel}","templated":true}]}}